{"id":387619,"date":"2023-02-14T11:24:59","date_gmt":"2023-02-14T11:24:59","guid":{"rendered":"https:\/\/fontdesalut.com\/que-ofrecemos\/"},"modified":"2023-03-17T12:26:35","modified_gmt":"2023-03-17T12:26:35","slug":"que-ofrecemos","status":"publish","type":"page","link":"https:\/\/fontdesalut.com\/es\/que-ofrecemos\/","title":{"rendered":"\u00bfQu\u00e9 ofrecemos?"},"content":{"rendered":"<p>[et_pb_section fb_built=\u00bb1&#8243; custom_padding_last_edited=\u00bbon|tablet\u00bb admin_label=\u00bbTurkish Header &#8211; Grace &#8211; BG Image size:2500x905px\u00bb module_class=\u00bbgrace_turkish_header\u00bb _builder_version=\u00bb4.17.4&#8243; _module_preset=\u00bbdefault\u00bb background_image=\u00bbhttps:\/\/fontdesalut.com\/wp-content\/uploads\/2022\/11\/brooke-lark-08bOYnH_r_E-unsplash-1.png\u00bb custom_padding=\u00bb202px||121px||false|false\u00bb custom_padding_tablet=\u00bb202px||50px||false|false\u00bb custom_padding_phone=\u00bb100px||||false|false\u00bb locked=\u00bboff\u00bb collapsed=\u00bbon\u00bb global_colors_info=\u00bb{}\u00bb][et_pb_row admin_label=\u00bbTurkish Header &#8211; Grace &#8211; Row\u00bb _builder_version=\u00bb4.17.6&#8243; _module_preset=\u00bbdefault\u00bb width=\u00bb90%\u00bb max_width=\u00bb1170px\u00bb global_colors_info=\u00bb{}\u00bb][et_pb_column type=\u00bb4_4&#8243; _builder_version=\u00bb4.17.6&#8243; _module_preset=\u00bbdefault\u00bb global_colors_info=\u00bb{}\u00bb][et_pb_cta title=\u00bb\u00bfQu\u00e9 ofrecemos?\u00bb button_url=\u00bb#\u00bb admin_label=\u00bbTurkish Header &#8211; Grace &#8211; Call To Action &#8211; In order to succeed, we must first believe that we can\u00bb _builder_version=\u00bb4.17.4&#8243; _module_preset=\u00bbdefault\u00bb header_font=\u00bbPlayfair Display|500|||||||\u00bb header_text_color=\u00bb#1C1C1C\u00bb header_font_size=\u00bb75px\u00bb header_line_height=\u00bb100%\u00bb body_font=\u00bbSarabun||||||||\u00bb body_text_color=\u00bb#7e8c97&#8243; body_font_size=\u00bb18px\u00bb body_line_height=\u00bb165%\u00bb use_background_color=\u00bboff\u00bb custom_button=\u00bbon\u00bb button_text_size=\u00bb15px\u00bb button_text_color=\u00bb#FFFFFF\u00bb button_bg_color=\u00bb#02997a\u00bb button_border_width=\u00bb0px\u00bb button_border_radius=\u00bb50px\u00bb button_font=\u00bbSarabun||||||||\u00bb button_icon=\u00bb&#x24;||divi||400&#8243; button_icon_placement=\u00bbleft\u00bb button_on_hover=\u00bboff\u00bb text_orientation=\u00bbleft\u00bb max_width=\u00bb740px\u00bb max_width_tablet=\u00bb580px\u00bb max_width_phone=\u00bb580px\u00bb max_width_last_edited=\u00bbon|tablet\u00bb custom_margin=\u00bb||32px||false|false\u00bb header_font_size_tablet=\u00bb50px\u00bb header_font_size_phone=\u00bb34px\u00bb header_font_size_last_edited=\u00bbon|tablet\u00bb body_font_size_tablet=\u00bb18px\u00bb body_font_size_phone=\u00bb16px\u00bb body_font_size_last_edited=\u00bbon|phone\u00bb custom_css_promo_description=\u00bbpadding-bottom: 0;\u00bb custom_css_promo_title=\u00bbpadding-bottom: 0;\u00bb global_colors_info=\u00bb{}\u00bb][\/et_pb_cta][et_pb_cta button_url=\u00bbhttps:\/\/fontdesalut.com\/es\/contacto\/\u00bb button_text=\u00bbContacto\u00bb admin_label=\u00bbTurkish Header &#8211; Grace &#8211; Call To Action &#8211; Lorem ipsum dolor sit amet&#8230;\u00bb _builder_version=\u00bb4.19.0&#8243; _module_preset=\u00bbdefault\u00bb header_font=\u00bbPlayfair Display|500|||||||\u00bb header_text_color=\u00bb#FFFFFF\u00bb header_font_size=\u00bb65px\u00bb header_line_height=\u00bb100%\u00bb body_font=\u00bbPlayfair Display||||||||\u00bb body_text_color=\u00bb#1C1C1C\u00bb body_font_size=\u00bb25px\u00bb body_line_height=\u00bb165%\u00bb use_background_color=\u00bboff\u00bb custom_button=\u00bbon\u00bb button_text_size=\u00bb19px\u00bb button_text_color=\u00bb#FFFFFF\u00bb button_bg_color=\u00bb#2d2d2d\u00bb button_border_width=\u00bb0px\u00bb button_border_radius=\u00bb50px\u00bb button_font=\u00bbOswald||||||||\u00bb button_icon=\u00bb&#x24;||divi||400&#8243; button_icon_placement=\u00bbleft\u00bb button_on_hover=\u00bboff\u00bb button_custom_padding=\u00bb15px|33px|15px|45px|true|false\u00bb text_orientation=\u00bbleft\u00bb max_width=\u00bb580px\u00bb max_width_tablet=\u00bb540px\u00bb max_width_phone=\u00bb540px\u00bb max_width_last_edited=\u00bbon|tablet\u00bb hover_enabled=\u00bb0&#8243; custom_css_promo_description=\u00bb    padding-bottom: 33px;\u00bb custom_css_promo_title=\u00bbpadding-bottom: 0;\u00bb global_colors_info=\u00bb{}\u00bb button_bg_color__hover_enabled=\u00bbon|hover\u00bb button_bg_color__hover=\u00bb#FFFFFF\u00bb button_bg_enable_color__hover=\u00bbon\u00bb button_text_color__hover_enabled=\u00bbon|desktop\u00bb button_text_color__hover=\u00bb#F1BE52&#8243; sticky_enabled=\u00bb0&#8243;]<\/p>\n<p>Productos Bio<\/p>\n<p>[\/et_pb_cta][\/et_pb_column][\/et_pb_row][\/et_pb_section][et_pb_section fb_built=\u00bb1&#8243; custom_padding_last_edited=\u00bbon|tablet\u00bb admin_label=\u00bbBond Content &#8211; Grace\u00bb _builder_version=\u00bb4.17.6&#8243; _module_preset=\u00bbdefault\u00bb custom_padding=\u00bb50px||63px||false|false\u00bb custom_padding_tablet=\u00bb50px||0px||false|false\u00bb custom_padding_phone=\u00bb50px||0px||false|false\u00bb collapsed=\u00bbon\u00bb global_colors_info=\u00bb{}\u00bb][et_pb_row column_structure=\u00bb1_3,1_3,1_3&#8243; use_custom_gutter=\u00bbon\u00bb gutter_width=\u00bb2&#8243; admin_label=\u00bbBond Content &#8211; Grace &#8211; Row\u00bb _builder_version=\u00bb4.19.0&#8243; _module_preset=\u00bbdefault\u00bb width=\u00bb100%\u00bb max_width=\u00bb90%\u00bb custom_padding=\u00bb40px||||false|false\u00bb global_colors_info=\u00bb{}\u00bb][et_pb_column type=\u00bb1_3&#8243; _builder_version=\u00bb4.19.0&#8243; _module_preset=\u00bbdefault\u00bb custom_padding=\u00bb|||39px|false|false\u00bb custom_padding_tablet=\u00bb|||39px|false|false\u00bb custom_padding_phone=\u00bb|||0px|false|false\u00bb custom_padding_last_edited=\u00bbon|phone\u00bb custom_css_before=\u00bb    content: %22%22;||    display: block;||    width: 20px;||    height: 2px;||    background-color: #d1ab7d;||    position: absolute;||    top: 24px;||left: 0;\u00bb global_colors_info=\u00bb{}\u00bb][et_pb_text admin_label=\u00bbBond Content &#8211; Grace &#8211; Text &#8211; 01&#8243; _builder_version=\u00bb4.17.4&#8243; _module_preset=\u00bbdefault\u00bb text_font=\u00bbOswald|500|||||||\u00bb text_text_color=\u00bb#F1BE52&#8243; text_font_size=\u00bb22px\u00bb text_line_height=\u00bb120%\u00bb custom_margin=\u00bb||10px||false|false\u00bb global_colors_info=\u00bb{}\u00bb]<\/p>\n<p>01.<\/p>\n<p>[\/et_pb_text][et_pb_cta title=\u00bbProductos Bio\u00bb button_text=\u00bbClick Here\u00bb admin_label=\u00bbBond Content &#8211; Grace &#8211; Call To Action &#8211; Brainstorming\u00bb _builder_version=\u00bb4.19.0&#8243; _module_preset=\u00bbdefault\u00bb header_font=\u00bbOswald|500|||||||\u00bb header_text_color=\u00bb#1C1C1C\u00bb header_font_size=\u00bb54px\u00bb header_line_height=\u00bb120%\u00bb body_font=\u00bbPlayfair Display||||||||\u00bb body_text_align=\u00bbjustify\u00bb body_text_color=\u00bb#4c4c4c\u00bb body_font_size=\u00bb21px\u00bb use_background_color=\u00bboff\u00bb text_orientation=\u00bbleft\u00bb max_width=\u00bb100%\u00bb max_width_tablet=\u00bb175px\u00bb max_width_phone=\u00bb100%\u00bb max_width_last_edited=\u00bbon|phone\u00bb custom_css_promo_description=\u00bbpadding-bottom: 0;\u00bb custom_css_promo_title=\u00bbmin-height: 150px;||\u00bb global_colors_info=\u00bb{}\u00bb]<\/p>\n<p>Certificados, de proximidad. Todo lo que necesitas para llenar tu despensa: fruta y verdura, pan, pastas y cereales, l\u00e1cteos, carne y pescado, productos veganos,&#8230; trabajamos con proveedores comprometidos con la calidad, con la sostenibilidad, y tambi\u00e9n con el trato en las personas.<\/p>\n<p>[\/et_pb_cta][\/et_pb_column][et_pb_column type=\u00bb1_3&#8243; _builder_version=\u00bb4.19.0&#8243; _module_preset=\u00bbdefault\u00bb custom_padding=\u00bb|||39px|false|false\u00bb custom_padding_tablet=\u00bb|||39px|false|false\u00bb custom_padding_phone=\u00bb|||0px|false|false\u00bb custom_padding_last_edited=\u00bbon|phone\u00bb custom_css_before=\u00bb    content: %22%22;||    display: block;||    width: 20px;||    height: 2px;||    background-color: #d1ab7d;||    position: absolute;||    top: 24px;||left: 0;\u00bb global_colors_info=\u00bb{}\u00bb][et_pb_text admin_label=\u00bbBond Content &#8211; Grace &#8211; Text &#8211; 02&#8243; _builder_version=\u00bb4.17.6&#8243; _module_preset=\u00bbdefault\u00bb text_font=\u00bbOswald|500|||||||\u00bb text_text_color=\u00bb#F1BE52&#8243; text_font_size=\u00bb22px\u00bb text_line_height=\u00bb120%\u00bb custom_margin=\u00bb||10px||false|false\u00bb locked=\u00bboff\u00bb global_colors_info=\u00bb{}\u00bb]<\/p>\n<p>02.<\/p>\n<p>[\/et_pb_text][et_pb_cta title=\u00bbSuplementaci\u00f3n\u00bb button_text=\u00bbClick Here\u00bb admin_label=\u00bbBond Content &#8211; Grace &#8211; Call To Action &#8211; Concept prototype\u00bb _builder_version=\u00bb4.19.0&#8243; _module_preset=\u00bbdefault\u00bb header_font=\u00bbOswald|500|||||||\u00bb header_text_color=\u00bb#1C1C1C\u00bb header_font_size=\u00bb54px\u00bb header_line_height=\u00bb120%\u00bb body_font=\u00bbPlayfair Display||||||||\u00bb body_text_align=\u00bbjustify\u00bb body_text_color=\u00bb#4c4c4c\u00bb body_font_size=\u00bb21px\u00bb use_background_color=\u00bboff\u00bb text_orientation=\u00bbleft\u00bb max_width=\u00bb100%\u00bb max_width_tablet=\u00bb175px\u00bb max_width_phone=\u00bb100%\u00bb max_width_last_edited=\u00bbon|phone\u00bb custom_css_promo_description=\u00bbpadding-bottom: 0;\u00bb custom_css_promo_title=\u00bbmin-height: 150px;||\u00bb locked=\u00bboff\u00bb global_colors_info=\u00bb{}\u00bb]Si la base de la salud es una alimentaci\u00f3n sana y unos h\u00e1bitos saludables, no es menos importante la aportaci\u00f3n de buenos suplementos que puedan complementar<br \/>\n el anterior. Pues bien en Font de Salut encontrar\u00e1s un amplio surtido de todo tipo de suplementos: vitaminas, minerales, oligoelementos, plantas medicinales, alimentos funcionales, y por supuesto, asesoramiento para reforzar tu salud.[\/et_pb_cta][\/et_pb_column][et_pb_column type=\u00bb1_3&#8243; _builder_version=\u00bb4.19.0&#8243; _module_preset=\u00bbdefault\u00bb custom_padding=\u00bb|||39px|false|false\u00bb custom_padding_tablet=\u00bb|||39px|false|false\u00bb custom_padding_phone=\u00bb|||0px|false|false\u00bb custom_padding_last_edited=\u00bbon|phone\u00bb custom_css_before=\u00bb    content: %22%22;||    display: block;||    width: 20px;||    height: 2px;||    background-color: #d1ab7d;||    position: absolute;||    top: 24px;||left: 0;\u00bb global_colors_info=\u00bb{}\u00bb][et_pb_text admin_label=\u00bbBond Content &#8211; Grace &#8211; Text &#8211; 03&#8243; _builder_version=\u00bb4.17.4&#8243; _module_preset=\u00bbdefault\u00bb text_font=\u00bbOswald|500|||||||\u00bb text_text_color=\u00bb#F1BE52&#8243; text_font_size=\u00bb22px\u00bb text_line_height=\u00bb120%\u00bb custom_margin=\u00bb||10px||false|false\u00bb locked=\u00bboff\u00bb global_colors_info=\u00bb{}\u00bb]<\/p>\n<p>03.<\/p>\n<p>[\/et_pb_text][et_pb_cta title=\u00bbCosm\u00e9tica natural \u00bb button_text=\u00bbClick Here\u00bb admin_label=\u00bbBond Content &#8211; Grace &#8211; Call To Action &#8211; Design layout\u00bb _builder_version=\u00bb4.19.0&#8243; _module_preset=\u00bbdefault\u00bb header_font=\u00bbOswald|500|||||||\u00bb header_text_color=\u00bb#1C1C1C\u00bb header_font_size=\u00bb54px\u00bb header_line_height=\u00bb120%\u00bb body_font=\u00bbPlayfair Display||||||||\u00bb body_text_align=\u00bbjustify\u00bb body_text_color=\u00bb#4c4c4c\u00bb body_font_size=\u00bb21px\u00bb use_background_color=\u00bboff\u00bb text_orientation=\u00bbleft\u00bb max_width=\u00bb100%\u00bb max_width_tablet=\u00bb175px\u00bb max_width_phone=\u00bb100%\u00bb max_width_last_edited=\u00bbon|phone\u00bb custom_css_promo_description=\u00bbpadding-bottom: 0;\u00bb custom_css_promo_title=\u00bbmin-height: 150px;||\u00bb locked=\u00bboff\u00bb global_colors_info=\u00bb{}\u00bb]<\/p>\n<p><span>Cuida tu piel al igual que cuidas lo que comes. Si en Font de Salut tenemos tanto surtido de cosm\u00e9tica org\u00e1nica es porque nos encanta. La lista es larga: cremas faciales, corporales, solares, aceites esenciales, aguas florales,&#8230; \u00a1Nos adaptamos a tus necesidades y tambi\u00e9n a tu bolsillo!<\/span><\/p>\n<p>[\/et_pb_cta][\/et_pb_column][\/et_pb_row][et_pb_row column_structure=\u00bb1_2,1_2&#8243; use_custom_gutter=\u00bbon\u00bb gutter_width=\u00bb2&#8243; admin_label=\u00bbBond Content &#8211; Grace &#8211; Row\u00bb _builder_version=\u00bb4.19.0&#8243; _module_preset=\u00bbdefault\u00bb width=\u00bb100%\u00bb max_width=\u00bb90%\u00bb custom_padding=\u00bb40px||||false|false\u00bb global_colors_info=\u00bb{}\u00bb][et_pb_column type=\u00bb1_2&#8243; _builder_version=\u00bb4.19.0&#8243; _module_preset=\u00bbdefault\u00bb custom_padding=\u00bb|||39px|false|false\u00bb custom_padding_tablet=\u00bb|||39px|false|false\u00bb custom_padding_phone=\u00bb|||0px|false|false\u00bb custom_padding_last_edited=\u00bbon|phone\u00bb custom_css_before=\u00bb    content: %22%22;||    display: block;||    width: 20px;||    height: 2px;||    background-color: #d1ab7d;||    position: absolute;||    top: 24px;||left: 0;\u00bb global_colors_info=\u00bb{}\u00bb][et_pb_text admin_label=\u00bbBond Content &#8211; Grace &#8211; Text &#8211; 04&#8243; _builder_version=\u00bb4.17.6&#8243; _module_preset=\u00bbdefault\u00bb text_font=\u00bbOswald|500|||||||\u00bb text_text_color=\u00bb#F1BE52&#8243; text_font_size=\u00bb22px\u00bb text_line_height=\u00bb120%\u00bb custom_margin=\u00bb||10px||false|false\u00bb locked=\u00bboff\u00bb global_colors_info=\u00bb{}\u00bb]<\/p>\n<p>04.<\/p>\n<p>[\/et_pb_text][et_pb_cta title=\u00bbProximidad \u00bb button_text=\u00bbClick Here\u00bb admin_label=\u00bbBond Content &#8211; Grace &#8211; Call To Action &#8211; Project evaluation\u00bb _builder_version=\u00bb4.19.0&#8243; _module_preset=\u00bbdefault\u00bb header_font=\u00bbOswald|500|||||||\u00bb header_text_color=\u00bb#1C1C1C\u00bb header_font_size=\u00bb54px\u00bb header_line_height=\u00bb120%\u00bb body_font=\u00bbPlayfair Display||||||||\u00bb body_text_align=\u00bbjustify\u00bb body_text_color=\u00bb#4c4c4c\u00bb body_font_size=\u00bb21px\u00bb use_background_color=\u00bboff\u00bb text_orientation=\u00bbleft\u00bb max_width=\u00bb100%\u00bb max_width_tablet=\u00bb175px\u00bb max_width_phone=\u00bb100%\u00bb max_width_last_edited=\u00bbon|phone\u00bb hover_enabled=\u00bb0&#8243; custom_css_promo_description=\u00bbpadding-bottom: 0;\u00bb custom_css_promo_title=\u00bbmin-height: 150px;||\u00bb locked=\u00bboff\u00bb global_colors_info=\u00bb{}\u00bb sticky_enabled=\u00bb0&#8243;]<\/p>\n<p>Damos prioridad siempre a agricultores y elaboradores locales, a los que a menudo conocemos personalmente: fruta y verdura del Ordal y el Maresme, pan de l&#8217;Anoia, pastas y cereales del Moian\u00e8s, hierba si plantas de la Conca, carne del Pirineo. Y es que un platano ecol\u00f3gico que haya viajado m\u00e1s que t\u00fa, p\u00f3tser ya no es tan ecol\u00f3gico.<\/p>\n<p>[\/et_pb_cta][\/et_pb_column][et_pb_column type=\u00bb1_2&#8243; _builder_version=\u00bb4.19.0&#8243; _module_preset=\u00bbdefault\u00bb custom_padding=\u00bb|||39px|false|false\u00bb custom_padding_tablet=\u00bb|||39px|false|false\u00bb custom_padding_phone=\u00bb|||0px|false|false\u00bb custom_padding_last_edited=\u00bbon|phone\u00bb custom_css_before=\u00bb    content: %22%22;||    display: block;||    width: 20px;||    height: 2px;||    background-color: #d1ab7d;||    position: absolute;||    top: 24px;||left: 0;\u00bb global_colors_info=\u00bb{}\u00bb][et_pb_text admin_label=\u00bbBond Content &#8211; Grace &#8211; Text &#8211; 04&#8243; _builder_version=\u00bb4.19.0&#8243; _module_preset=\u00bbdefault\u00bb text_font=\u00bbOswald|500|||||||\u00bb text_text_color=\u00bb#F1BE52&#8243; text_font_size=\u00bb22px\u00bb text_line_height=\u00bb120%\u00bb custom_margin=\u00bb||10px||false|false\u00bb locked=\u00bboff\u00bb global_colors_info=\u00bb{}\u00bb]<\/p>\n<p>05.<\/p>\n<p>[\/et_pb_text][et_pb_cta title=\u00bbInformaci\u00f3n y asesoramiento \u00bb button_text=\u00bbClick Here\u00bb admin_label=\u00bbBond Content &#8211; Grace &#8211; Call To Action &#8211; Project evaluation\u00bb _builder_version=\u00bb4.19.0&#8243; _module_preset=\u00bbdefault\u00bb header_font=\u00bbOswald|500|||||||\u00bb header_text_color=\u00bb#1C1C1C\u00bb header_font_size=\u00bb54px\u00bb header_line_height=\u00bb120%\u00bb body_font=\u00bbPlayfair Display||||||||\u00bb body_text_align=\u00bbjustify\u00bb body_text_color=\u00bb#4c4c4c\u00bb body_font_size=\u00bb21px\u00bb use_background_color=\u00bboff\u00bb text_orientation=\u00bbleft\u00bb max_width=\u00bb100%\u00bb max_width_tablet=\u00bb175px\u00bb max_width_phone=\u00bb100%\u00bb max_width_last_edited=\u00bbon|phone\u00bb custom_css_promo_description=\u00bbpadding-bottom: 0;\u00bb custom_css_promo_title=\u00bbmin-height: 150px;||\u00bb locked=\u00bboff\u00bb global_colors_info=\u00bb{}\u00bb]<\/p>\n<p>Profesionalidad avalada por la experiencia de nuestro personal. Trato personalizado, amabilidad y gratitud: algo tan sencillo, tan elemental y que tanto se echa de menos en muchos \u00e1mbitos del mundo que nos ha tocado vivir.<\/p>\n<p>[\/et_pb_cta][\/et_pb_column][\/et_pb_row][\/et_pb_section][et_pb_section fb_built=\u00bb1&#8243; _builder_version=\u00bb4.19.0&#8243; _module_preset=\u00bbdefault\u00bb global_colors_info=\u00bb{}\u00bb][et_pb_row _builder_version=\u00bb4.19.0&#8243; _module_preset=\u00bbdefault\u00bb width=\u00bb100%\u00bb max_width=\u00bb90%\u00bb global_colors_info=\u00bb{}\u00bb][et_pb_column type=\u00bb4_4&#8243; _builder_version=\u00bb4.19.0&#8243; _module_preset=\u00bbdefault\u00bb global_colors_info=\u00bb{}\u00bb][et_pb_gallery gallery_ids=\u00bb88,69,75,66&#8243; show_title_and_caption=\u00bboff\u00bb show_pagination=\u00bboff\u00bb zoom_icon_color=\u00bbRGBA(255,255,255,0)\u00bb hover_overlay_color=\u00bbRGBA(255,255,255,0)\u00bb _builder_version=\u00bb4.19.0&#8243; _module_preset=\u00bbdefault\u00bb global_colors_info=\u00bb{}\u00bb][\/et_pb_gallery][\/et_pb_column][\/et_pb_row][\/et_pb_section]<\/p>\n","protected":false},"excerpt":{"rendered":"<p>Productos Bio01.Certificados, de proximidad. Todo lo que necesitas para llenar tu despensa: fruta y verdura, pan, pastas y cereales, l\u00e1cteos, carne y pescado, productos veganos,&#8230; trabajamos con proveedores comprometidos con la calidad, con la sostenibilidad, y tambi\u00e9n con el trato en las personas.02.Si la base de la salud es una alimentaci\u00f3n sana y unos h\u00e1bitos [&hellip;]<\/p>\n","protected":false},"author":1,"featured_media":0,"parent":0,"menu_order":0,"comment_status":"closed","ping_status":"closed","template":"","meta":{"_et_pb_use_builder":"on","_et_pb_old_content":"","_et_gb_content_width":"","footnotes":""},"class_list":["post-387619","page","type-page","status-publish","hentry"],"_links":{"self":[{"href":"https:\/\/fontdesalut.com\/es\/wp-json\/wp\/v2\/pages\/387619","targetHints":{"allow":["GET"]}}],"collection":[{"href":"https:\/\/fontdesalut.com\/es\/wp-json\/wp\/v2\/pages"}],"about":[{"href":"https:\/\/fontdesalut.com\/es\/wp-json\/wp\/v2\/types\/page"}],"author":[{"embeddable":true,"href":"https:\/\/fontdesalut.com\/es\/wp-json\/wp\/v2\/users\/1"}],"replies":[{"embeddable":true,"href":"https:\/\/fontdesalut.com\/es\/wp-json\/wp\/v2\/comments?post=387619"}],"version-history":[{"count":6,"href":"https:\/\/fontdesalut.com\/es\/wp-json\/wp\/v2\/pages\/387619\/revisions"}],"predecessor-version":[{"id":387692,"href":"https:\/\/fontdesalut.com\/es\/wp-json\/wp\/v2\/pages\/387619\/revisions\/387692"}],"wp:attachment":[{"href":"https:\/\/fontdesalut.com\/es\/wp-json\/wp\/v2\/media?parent=387619"}],"curies":[{"name":"wp","href":"https:\/\/api.w.org\/{rel}","templated":true}]}}